{"id":2,"date":"2020-11-25T12:24:07","date_gmt":"2020-11-25T12:24:07","guid":{"rendered":"https:\/\/popup.artecom.studio\/?page_id=2"},"modified":"2021-03-12T12:59:40","modified_gmt":"2021-03-12T12:59:40","slug":"sample-page","status":"publish","type":"page","link":"https:\/\/popup.artecom.studio\/index.php\/sample-page\/","title":{"rendered":"La Semaine 15, c&#8217;est quoi ?"},"content":{"rendered":"\n<p style=\"font-size:19px\"><strong>La Semaine 15 : Pop-up est un \u00e9v\u00e9nement en ligne cr\u00e9\u00e9 par les \u00e9tudiants de Master du d\u00e9partement Art&amp;Com de l\u2019Universit\u00e9 Jean Jaur\u00e8s \u00e0 Toulouse. En tant qu\u2019\u00e9tudiants, nous souhaitons contribuer \u00e0 faire perdurer et prosp\u00e9rer <strong>la culture malgr\u00e9 la crise qu&#8217;elle traverse<\/strong>.<\/strong><\/p>\n\n\n\n<p>Nous vivons des moments difficiles avec la pand\u00e9mie de Coronavirus. Nous tentons chaque jour d&#8217;adapter nos habitudes. La culture est l\u2019un des domaines qui a \u00e9t\u00e9 le plus mis \u00e0 mal durant cette ann\u00e9e. N\u00e9anmoins, elle est essentielle au d\u00e9veloppement de chacun. Ce projet est un appel \u00e0 l\u2019ouverture dans son sens le plus large, l\u2019id\u00e9e \u00e9tant d\u2019allier originalit\u00e9, diversit\u00e9 et pluralit\u00e9 artistique afin de partager ensemble un moment d\u2019\u00e9changes et de d\u00e9couvertes.<\/p>\n\n\n\n<p>Nous nous adaptons aux contraintes existantes en cr\u00e9ant un \u00e9v\u00e9nement 100% en ligne. Chaque jour de cette semaine 15, du 13 au 16 avril 2021 pr\u00e9cis\u00e9ment, un th\u00e8me prendra vie de mani\u00e8re num\u00e9rique pour vous offrir un moment innovant : cin\u00e9ma, arts visuels, arts de la sc\u00e8ne et musique. Pour partager cette rencontre avec nous tous, vous pouvez \u00e9galement nous retrouver sur Instagram, Facebook, YouTube et LinkedIn. Pour plus d\u2019informations, vous pouvez \u00e9galement nous \u00e9crire \u00e0 cette adresse email : <a href=\"mailto:festivalsemaine15@gmail.com\">festivalsemaine15@gmail.com<\/a> <\/p>\n\n\n\n<p>Au plaisir de tous vous retrouver \u00e0 l&#8217;occasion de ce festival en ligne in\u00e9dit !<\/p>\n","protected":false},"excerpt":{"rendered":"<p>La Semaine 15 : Pop-up est un \u00e9v\u00e9nement en ligne cr\u00e9\u00e9 par les \u00e9tudiants de Master du d\u00e9partement Art&amp;Com de l\u2019Universit\u00e9 Jean Jaur\u00e8s \u00e0 Toulouse. En tant qu\u2019\u00e9tudiants, nous souhaitons<span class=\"more-button\"><a href=\"https:\/\/popup.artecom.studio\/index.php\/sample-page\/\" class=\"more-link\">Lire la suite<span class=\"screen-reader-text\">La Semaine 15, c&#8217;est quoi ?<\/span><\/a><\/span><\/p>\n","protected":false},"author":1,"featured_media":452,"parent":0,"menu_order":0,"comment_status":"closed","ping_status":"open","template":"","meta":{"footnotes":""},"class_list":["post-2","page","type-page","status-publish","has-post-thumbnail","hentry"],"_links":{"self":[{"href":"https:\/\/popup.artecom.studio\/index.php\/wp-json\/wp\/v2\/pages\/2","targetHints":{"allow":["GET"]}}],"collection":[{"href":"https:\/\/popup.artecom.studio\/index.php\/wp-json\/wp\/v2\/pages"}],"about":[{"href":"https:\/\/popup.artecom.studio\/index.php\/wp-json\/wp\/v2\/types\/page"}],"author":[{"embeddable":true,"href":"https:\/\/popup.artecom.studio\/index.php\/wp-json\/wp\/v2\/users\/1"}],"replies":[{"embeddable":true,"href":"https:\/\/popup.artecom.studio\/index.php\/wp-json\/wp\/v2\/comments?post=2"}],"version-history":[{"count":13,"href":"https:\/\/popup.artecom.studio\/index.php\/wp-json\/wp\/v2\/pages\/2\/revisions"}],"predecessor-version":[{"id":435,"href":"https:\/\/popup.artecom.studio\/index.php\/wp-json\/wp\/v2\/pages\/2\/revisions\/435"}],"wp:featuredmedia":[{"embeddable":true,"href":"https:\/\/popup.artecom.studio\/index.php\/wp-json\/wp\/v2\/media\/452"}],"wp:attachment":[{"href":"https:\/\/popup.artecom.studio\/index.php\/wp-json\/wp\/v2\/media?parent=2"}],"curies":[{"name":"wp","href":"https:\/\/api.w.org\/{rel}","templated":true}]}}