{"id":227,"date":"2021-01-21T12:00:48","date_gmt":"2021-01-21T12:00:48","guid":{"rendered":"https:\/\/popup.artecom.studio\/?page_id=227"},"modified":"2021-03-14T14:29:52","modified_gmt":"2021-03-14T14:29:52","slug":"arts-visuels","status":"publish","type":"page","link":"https:\/\/popup.artecom.studio\/index.php\/arts-visuels\/","title":{"rendered":"Arts visuels"},"content":{"rendered":"\n<p>Le mercredi 14 avril 2021, les arts visuels prendront vie pour vous apporter une exp\u00e9rience authentique, tant par la forme que par le contenu, qui fera venir la culture jusqu\u2019\u00e0 vous.\u00a0<\/p>\n\n\n\n<p>\u00ab Le v\u00e9ritable voyage de d\u00e9couverte ne consiste pas \u00e0 chercher de nouveaux paysages, mais \u00e0 avoir de nouveaux yeux \u00bb. Cette citation de Proust r\u00e9sume le c\u0153ur de cette journ\u00e9e consacr\u00e9e aux arts visuels.\u00a0<\/p>\n\n\n\n<p>Ce jour, une exposition, une performance et une conf\u00e9rence seront propos\u00e9es. Toutes \u00e9labor\u00e9es sur le th\u00e8me et l\u2019envie d\u2019une \u201couverture\u201d, \u00e0 soi, \u00e0 autrui, \u00e0 une exp\u00e9rience participative et collaborative qui laisse place \u00e0 de nouveaux horizons.<\/p>\n\n\n\n<h2 class=\"wp-block-heading\">Les derni\u00e8res nouvelles<\/h2>\n\n\n<ul class=\"wp-block-latest-posts__list wp-block-latest-posts\"><li><a class=\"wp-block-latest-posts__post-title\" href=\"https:\/\/popup.artecom.studio\/index.php\/2021\/03\/22\/le-programme-de-la-journee-arts-visuels\/\">Le programme de la journ\u00e9e Arts Visuels<\/a><\/li>\n<\/ul>","protected":false},"excerpt":{"rendered":"<p>Le mercredi 14 avril 2021, les arts visuels prendront vie pour vous apporter une exp\u00e9rience authentique, tant par la forme que par le contenu, qui fera venir la culture jusqu\u2019\u00e0<span class=\"more-button\"><a href=\"https:\/\/popup.artecom.studio\/index.php\/arts-visuels\/\" class=\"more-link\">Lire la suite<span class=\"screen-reader-text\">Arts visuels<\/span><\/a><\/span><\/p>\n","protected":false},"author":1,"featured_media":384,"parent":0,"menu_order":0,"comment_status":"closed","ping_status":"closed","template":"","meta":{"footnotes":""},"class_list":["post-227","page","type-page","status-publish","has-post-thumbnail","hentry"],"_links":{"self":[{"href":"https:\/\/popup.artecom.studio\/index.php\/wp-json\/wp\/v2\/pages\/227","targetHints":{"allow":["GET"]}}],"collection":[{"href":"https:\/\/popup.artecom.studio\/index.php\/wp-json\/wp\/v2\/pages"}],"about":[{"href":"https:\/\/popup.artecom.studio\/index.php\/wp-json\/wp\/v2\/types\/page"}],"author":[{"embeddable":true,"href":"https:\/\/popup.artecom.studio\/index.php\/wp-json\/wp\/v2\/users\/1"}],"replies":[{"embeddable":true,"href":"https:\/\/popup.artecom.studio\/index.php\/wp-json\/wp\/v2\/comments?post=227"}],"version-history":[{"count":4,"href":"https:\/\/popup.artecom.studio\/index.php\/wp-json\/wp\/v2\/pages\/227\/revisions"}],"predecessor-version":[{"id":466,"href":"https:\/\/popup.artecom.studio\/index.php\/wp-json\/wp\/v2\/pages\/227\/revisions\/466"}],"wp:featuredmedia":[{"embeddable":true,"href":"https:\/\/popup.artecom.studio\/index.php\/wp-json\/wp\/v2\/media\/384"}],"wp:attachment":[{"href":"https:\/\/popup.artecom.studio\/index.php\/wp-json\/wp\/v2\/media?parent=227"}],"curies":[{"name":"wp","href":"https:\/\/api.w.org\/{rel}","templated":true}]}}