{"id":229,"date":"2021-01-21T12:01:11","date_gmt":"2021-01-21T12:01:11","guid":{"rendered":"https:\/\/popup.artecom.studio\/?page_id=229"},"modified":"2021-03-15T15:00:34","modified_gmt":"2021-03-15T15:00:34","slug":"cinema","status":"publish","type":"page","link":"https:\/\/popup.artecom.studio\/index.php\/cinema\/","title":{"rendered":"Cin\u00e9ma"},"content":{"rendered":"\n<h2 class=\"has-text-align-center wp-block-heading\">Mardi, cin\u00e9 from home <\/h2>\n\n\n\n<p><strong>Participez \u00e0 la semaine 15, le cin\u00e9ma ouvre le bal <\/strong><\/p>\n\n\n\n<p class=\"has-drop-cap\">Alors que les salles obscures sont ferm\u00e9es depuis de longs mois, nous, \u00e9tudiants de Master Culture et Communication, avons \u00e0 c\u0153ur de faire perdurer la culture \u00e0 notre \u00e9chelle et avec les moyens dont nous disposons : le num\u00e9rique. <\/p>\n\n\n\n<p>Ainsi, la premi\u00e8re journ\u00e9e d\u2019ouverture du festival sera d\u00e9di\u00e9e au cin\u00e9ma, le mardi 13 avril, avec la diffusion de courts m\u00e9trages \u00e9tudiants amateurs.<\/p>\n\n\n\n<p>En live sur YouTube \u00e0 partir de 18 heures, une s\u00e9lection de courts m\u00e9trages vous sera pr\u00e9sent\u00e9e, pr\u00e9c\u00e9d\u00e9e d\u2019une pr\u00e9sentation de son r\u00e9alisateur ou de sa r\u00e9alisatrice. Vous aurez l\u2019opportunit\u00e9 de voter, via la plateforme Framadate, pour le court m\u00e9trage qui a fait chavirer votre c\u0153ur. <\/p>\n\n\n\n<p>Trois prix seront en effet remis \u00e0 la fin du visionnage :<br>&#8211; le prix du public, celui, donc, que vous \u00e9lirez selon vos propres crit\u00e8res.<br>&#8211; le prix du jury, compos\u00e9 de deux \u00e9minents enseignant.e.s de l\u2019Universit\u00e9 de Toulouse Jean Jaur\u00e8s et d\u2019un com\u00e9dien. Ils d\u00e9lib\u00e9reront, en amont du festival, selon une grille de crit\u00e8res pr\u00e9d\u00e9finis et d\u00e9livreront leur verdict \u00e0 la fin de la pr\u00e9sentation de tous les courts m\u00e9trages.<br>-le prix coup de c\u0153ur des organisateurs du festival o\u00f9, \u00e0 l\u2019image du prix du public et comme son nom l\u2019indique, sera choisi par les membres de la promotion du Master 1 Culture et Communication.<\/p>\n\n\n\n<p><\/p>\n\n\n\n<p>Nous vous attendons nombreux pour partager ce moment de cin\u00e9ma et d\u00e9couvrir de nouveaux talents  <\/p>\n\n\n\n<h2 class=\"wp-block-heading\">Les derni\u00e8res nouvelles<\/h2>\n\n\n<ul class=\"wp-block-latest-posts__list wp-block-latest-posts\"><\/ul>\n\n\n<p><\/p>\n","protected":false},"excerpt":{"rendered":"<p>Mardi, cin\u00e9 from home Participez \u00e0 la semaine 15, le cin\u00e9ma ouvre le bal Alors que les salles obscures sont ferm\u00e9es depuis de longs mois, nous, \u00e9tudiants de Master Culture<span class=\"more-button\"><a href=\"https:\/\/popup.artecom.studio\/index.php\/cinema\/\" class=\"more-link\">Lire la suite<span class=\"screen-reader-text\">Cin\u00e9ma<\/span><\/a><\/span><\/p>\n","protected":false},"author":1,"featured_media":381,"parent":0,"menu_order":0,"comment_status":"closed","ping_status":"closed","template":"","meta":{"footnotes":""},"class_list":["post-229","page","type-page","status-publish","has-post-thumbnail","hentry"],"_links":{"self":[{"href":"https:\/\/popup.artecom.studio\/index.php\/wp-json\/wp\/v2\/pages\/229","targetHints":{"allow":["GET"]}}],"collection":[{"href":"https:\/\/popup.artecom.studio\/index.php\/wp-json\/wp\/v2\/pages"}],"about":[{"href":"https:\/\/popup.artecom.studio\/index.php\/wp-json\/wp\/v2\/types\/page"}],"author":[{"embeddable":true,"href":"https:\/\/popup.artecom.studio\/index.php\/wp-json\/wp\/v2\/users\/1"}],"replies":[{"embeddable":true,"href":"https:\/\/popup.artecom.studio\/index.php\/wp-json\/wp\/v2\/comments?post=229"}],"version-history":[{"count":7,"href":"https:\/\/popup.artecom.studio\/index.php\/wp-json\/wp\/v2\/pages\/229\/revisions"}],"predecessor-version":[{"id":471,"href":"https:\/\/popup.artecom.studio\/index.php\/wp-json\/wp\/v2\/pages\/229\/revisions\/471"}],"wp:featuredmedia":[{"embeddable":true,"href":"https:\/\/popup.artecom.studio\/index.php\/wp-json\/wp\/v2\/media\/381"}],"wp:attachment":[{"href":"https:\/\/popup.artecom.studio\/index.php\/wp-json\/wp\/v2\/media?parent=229"}],"curies":[{"name":"wp","href":"https:\/\/api.w.org\/{rel}","templated":true}]}}