{"id":231,"date":"2021-01-21T12:01:24","date_gmt":"2021-01-21T12:01:24","guid":{"rendered":"https:\/\/popup.artecom.studio\/?page_id=231"},"modified":"2021-03-26T17:30:32","modified_gmt":"2021-03-26T17:30:32","slug":"musique","status":"publish","type":"page","link":"https:\/\/popup.artecom.studio\/index.php\/musique\/","title":{"rendered":"Musique"},"content":{"rendered":"\n<p>En manque de concerts? Pas de probl\u00e8me ! Nous avons la solution : le vendredi 16 avril, nous vous donnons rendez-vous pour une journ\u00e9e enti\u00e8rement consacr\u00e9e \u00e0 la musique. Des concerts se tiendront tout d\u2019abord sur notre sc\u00e8ne principale \u00e0 partir de 18h, puis la soir\u00e9e se poursuivra par un after techno, le tout en live sur Minecraft et diffus\u00e9 en simultan\u00e9 sur YouTube pour ceux n\u2019ayant pas acc\u00e8s au jeu vid\u00e9o. Un channel Discord sera \u00e9galement ouvert pour participer \u00e0 la discussion avec les festivaliers. <\/p>\n\n\n\n<h2 class=\"wp-block-heading\">Pr\u00e9sentation des artistes:<\/h2>\n\n\n\n<blockquote class=\"wp-block-quote is-layout-flow wp-block-quote-is-layout-flow\"><p><strong><span style=\"color:#de27a1\" class=\"has-inline-color\">Against Umanity: <\/span><\/strong><\/p><\/blockquote>\n\n\n\n<p>Membre du collectif &#8220;LA ZONE&#8221; et bin\u00f4me de &#8220;MOURIR JEUNE&#8221; avec NIHiliST, Against Umanity est un producteur\/DJ de 23 ans \u00e9voluant dans la partie Sud-Est de la France. T\u00e9n\u00e9breuse musique orient\u00e9 Hardcore\/Uptempo mais \u00e9galement Mental\/Noise, il vous r\u00e9serve cependant pour cette soir\u00e9e du \u201cFestival 15e semaine\u201d, un set 100% \u201cLA ZONE\u201d.<\/p>\n\n\n\n<p>Pr\u00e9parez vous \u00e0 perdre vos chevilles! De Codex \u00e0 Sk\u00f6ne en passant par Ukiyo-e ou encore El Desperado, vous n\u2019avez qu\u2019\u00e0 bien vous tenir !!!<\/p>\n\n\n\n<blockquote class=\"wp-block-quote is-layout-flow wp-block-quote-is-layout-flow\"><p><strong><span style=\"color:#de27a1\" class=\"has-inline-color\">A.L.K.:<\/span><\/strong><\/p><\/blockquote>\n\n\n\n<div class=\"wp-block-image\"><figure class=\"aligncenter size-large is-resized\"><img loading=\"lazy\" decoding=\"async\" src=\"https:\/\/popup.artecom.studio\/wp-content\/uploads\/2021\/03\/Notepad_202103161237_59672.png\" alt=\"\" class=\"wp-image-489\" width=\"293\" height=\"293\" srcset=\"https:\/\/popup.artecom.studio\/wp-content\/uploads\/2021\/03\/Notepad_202103161237_59672.png 974w, https:\/\/popup.artecom.studio\/wp-content\/uploads\/2021\/03\/Notepad_202103161237_59672-300x300.png 300w, https:\/\/popup.artecom.studio\/wp-content\/uploads\/2021\/03\/Notepad_202103161237_59672-150x150.png 150w, https:\/\/popup.artecom.studio\/wp-content\/uploads\/2021\/03\/Notepad_202103161237_59672-768x768.png 768w, https:\/\/popup.artecom.studio\/wp-content\/uploads\/2021\/03\/Notepad_202103161237_59672-640x640.png 640w, https:\/\/popup.artecom.studio\/wp-content\/uploads\/2021\/03\/Notepad_202103161237_59672-50x50.png 50w\" sizes=\"auto, (max-width: 293px) 100vw, 293px\" \/><\/figure><\/div>\n\n\n\n<p>Originaire de Lyon, il apprend la musique d\u00e8s l&#8217;\u00e2ge de 13 ans. Il commence la batterie avec des influences Rock\/Metal, jusqu&#8217;\u00e0 l&#8217;\u00e2ge de 19 ans. Puis il arr\u00eate pour \u00e9couter d&#8217;autres styles de musique. D\u00e8s l&#8217;\u00e2ge de 20 ans il commence \u00e0 d\u00e9couvrir des styles de musique \u00e9lectronique underground: Hardcore, Hardtek, Trance, Hi-tech ainsi que FL Studio.<\/p>\n\n\n\n<p>Aujourd\u2019hui \u00e2g\u00e9 de 24ans, il cr\u00e9er ses propres sons, et se produit en \u00e9vent ou en free party. Il a d\u00e9j\u00e0 jou\u00e9 dnas des soir\u00e9es \u00e0 @lepetitsalonlyon , \u00e0 la @penicheloupika ou encore \u00e0 @usine_club , ainsi qu\u2019en teuf, avec plusieurs sound system comme Xpress Crew, K&#8217;nivalerie et Tekno Doubt.<\/p>\n\n\n\n<p>\u27a1\ufe0fSon SoundCloud (A.L.K.): <a href=\"https:\/\/soundcloud.app.goo.gl\/qB2u\">https:\/\/soundcloud.app.goo.gl\/qB2u<\/a><\/p>\n\n\n\n<blockquote class=\"wp-block-quote is-layout-flow wp-block-quote-is-layout-flow\"><p><strong><span style=\"color:#de27a1\" class=\"has-inline-color\">MLD:<\/span><\/strong><\/p><\/blockquote>\n\n\n\n<div class=\"wp-block-image\"><figure class=\"aligncenter size-large is-resized\"><img loading=\"lazy\" decoding=\"async\" src=\"https:\/\/popup.artecom.studio\/wp-content\/uploads\/2021\/03\/Notepad_202103161237_59678-1024x640.png\" alt=\"\" class=\"wp-image-490\" width=\"411\" height=\"257\" srcset=\"https:\/\/popup.artecom.studio\/wp-content\/uploads\/2021\/03\/Notepad_202103161237_59678-1024x640.png 1024w, https:\/\/popup.artecom.studio\/wp-content\/uploads\/2021\/03\/Notepad_202103161237_59678-300x188.png 300w, https:\/\/popup.artecom.studio\/wp-content\/uploads\/2021\/03\/Notepad_202103161237_59678-768x480.png 768w, https:\/\/popup.artecom.studio\/wp-content\/uploads\/2021\/03\/Notepad_202103161237_59678-1536x960.png 1536w, https:\/\/popup.artecom.studio\/wp-content\/uploads\/2021\/03\/Notepad_202103161237_59678.png 1563w\" sizes=\"auto, (max-width: 411px) 100vw, 411px\" \/><\/figure><\/div>\n\n\n\n<p>MLD est le nouveau projet solo de St\u00e9phane Mourgues (DJ Moule, Hello Bye Bye). Du rock au bootleg, il s\u2019empare aujourd\u2019hui de la mythique Roland TB303 pour mixer ses deux cultures de pr\u00e9dilection : pop et techno. D\u2019un c\u00f4t\u00e9, la sc\u00e8ne Acid Techno de la fin des 90\u2019s, de l\u2019autre des groupes ayant maitris\u00e9 le crossover des sonorit\u00e9s et des&nbsp;<\/p>\n\n\n\n<p>genres, tels que Chemical Brothers, Vitalic, Underworld, Lcd Soundsystem ou Death in Vegas.En studio comme sur sc\u00e8ne, cr\u00e9er de la musique \u00e9lectronique, avec ses outils et ses contraintes d\u2019origine sans \u00eatre l\u2019esclave d\u2019un logiciel, devient le point central du projet. MLD abandonne alors l\u2019ordinateur et s\u2019entoure uniquement de synth\u00e9s analogiques synchronis\u00e9s ensemble. Sur une ligne m\u00e9diane reliant&nbsp;<\/p>\n\n\n\n<p>Arnaud Rebotini, pour son approche brute du live, \u00e0 French79, pour son approche pop de la techno.&nbsp;<\/p>\n\n\n\n<p>Pour son premier EP, tel un artisan, il fa\u00e7onne la mati\u00e8re d\u2019une Analog Acid Synth, semblable \u00e0 celle composant les murs de la ville de Royan, brute et froide. Son architecture, au sommet de la modernit\u00e9 dans les ann\u00e9es 50, lors de la reconstruction de la ville, apr\u00e8s qu\u2019elle f\u00fbt d\u00e9truite par les bombardements de la seconde guerre mondiale, inspire le petit vacancier qu\u2019il \u00e9tait. C\u2019est donc tout naturellement que cette vision r\u00e9tro-futuriste r\u00e9sonne dans \u201cFutur\u201d. Cinq titres pens\u00e9s comme plusieurs \u00e9pisodes de science-fiction, dans lesquels machines et humains s\u2019entretuent. Quelque part entre le futur fantasm\u00e9 d\u2019un adolescent des 90\u2019s, les films Matrix, Terminator, Black Mirror, Interstellar, et les oeuvres de Philip K. Dick ou Dan Simmons.<\/p>\n\n\n\n<p>Plateformes pour \u00e9couter l&#8217;EP:<\/p>\n\n\n\n<p><a href=\"https:\/\/www.youtube.com\/channel\/UCvPU6mo9Aaj2I8w-AqSj9yw\">https:\/\/www.youtube.com\/channel\/UCvPU6mo9Aaj2I8w-AqSj9yw<\/a><\/p>\n\n\n\n<p><a href=\"https:\/\/www.facebook.com\/mldsynth\">https:\/\/www.facebook.com\/mldsynth<\/a><\/p>\n\n\n\n<p><a href=\"https:\/\/www.instagram.com\/mldsynth\">https:\/\/www.instagram.com\/mldsynth<\/a><\/p>\n\n\n\n<blockquote class=\"wp-block-quote is-layout-flow wp-block-quote-is-layout-flow\"><p><strong><span style=\"color:#de27a1\" class=\"has-inline-color\">Wem&#8217;s:<\/span><\/strong><\/p><\/blockquote>\n\n\n\n<div class=\"wp-block-image\"><figure class=\"aligncenter size-large is-resized\"><img loading=\"lazy\" decoding=\"async\" src=\"https:\/\/popup.artecom.studio\/wp-content\/uploads\/2021\/03\/logonoirfb.png\" alt=\"\" class=\"wp-image-518\" width=\"292\" height=\"292\" srcset=\"https:\/\/popup.artecom.studio\/wp-content\/uploads\/2021\/03\/logonoirfb.png 752w, https:\/\/popup.artecom.studio\/wp-content\/uploads\/2021\/03\/logonoirfb-300x300.png 300w, https:\/\/popup.artecom.studio\/wp-content\/uploads\/2021\/03\/logonoirfb-150x150.png 150w, https:\/\/popup.artecom.studio\/wp-content\/uploads\/2021\/03\/logonoirfb-640x640.png 640w, https:\/\/popup.artecom.studio\/wp-content\/uploads\/2021\/03\/logonoirfb-50x50.png 50w\" sizes=\"auto, (max-width: 292px) 100vw, 292px\" \/><\/figure><\/div>\n\n\n\n<p>Wem&#8217;s est un jeune DJ Producteur Montpelli\u00e9rains, ag\u00e9 de 22 ans il d\u00e9couvre la musique 17 ans plus t\u00f4t et commence avec le piano. A 8 ans, passionn\u00e9 de Hard Rock il d\u00e9cide d&#8217;\u00e9voluer vers un instrument plus gras , la basse. Plus tard il d\u00e9couvre la musique \u00e9lectronique et les logiciels de M.A.O puis commence \u00e0 composer des musiques Psytrance pour ensuite \u00e9voluer vers le Dub, en conservant ses compositions Psych\u00e9d\u00e9liques.<\/p>\n\n\n\n<p>Il vous fera voyager dans son univers Reggae rythm\u00e9 Techno et Trance.<\/p>\n\n\n\n<blockquote class=\"wp-block-quote is-layout-flow wp-block-quote-is-layout-flow\"><p><strong><span style=\"color:#de27a1\" class=\"has-inline-color\">La soupe alsacienne:<\/span><\/strong><\/p><\/blockquote>\n\n\n\n<div class=\"wp-block-image\"><figure class=\"aligncenter size-large is-resized\"><img loading=\"lazy\" decoding=\"async\" src=\"https:\/\/popup.artecom.studio\/wp-content\/uploads\/2021\/03\/Notepad_202103161237_59699-1024x682.png\" alt=\"\" class=\"wp-image-491\" width=\"533\" height=\"355\" srcset=\"https:\/\/popup.artecom.studio\/wp-content\/uploads\/2021\/03\/Notepad_202103161237_59699-1024x682.png 1024w, https:\/\/popup.artecom.studio\/wp-content\/uploads\/2021\/03\/Notepad_202103161237_59699-300x200.png 300w, https:\/\/popup.artecom.studio\/wp-content\/uploads\/2021\/03\/Notepad_202103161237_59699-768x512.png 768w, https:\/\/popup.artecom.studio\/wp-content\/uploads\/2021\/03\/Notepad_202103161237_59699-963x642.png 963w, https:\/\/popup.artecom.studio\/wp-content\/uploads\/2021\/03\/Notepad_202103161237_59699.png 1504w\" sizes=\"auto, (max-width: 533px) 100vw, 533px\" \/><\/figure><\/div>\n\n\n\n<p>Au croisement des styles se trouve la v\u00e9rit\u00e9, point de cat\u00e9gories sont n\u00e9cessaires \u00e0 l\u2019extase absolue. La soupe vous revigorera tant la diversit\u00e9 des genres s\u2019affronte fa\u00e7on terroir alsacien.<\/p>\n\n\n\n<blockquote class=\"wp-block-quote is-layout-flow wp-block-quote-is-layout-flow\"><p><strong><span style=\"color:#de27a1\" class=\"has-inline-color\">Paddang:<\/span><\/strong><\/p><\/blockquote>\n\n\n\n<div class=\"wp-block-image\"><figure class=\"aligncenter size-large is-resized\"><img loading=\"lazy\" decoding=\"async\" src=\"https:\/\/popup.artecom.studio\/wp-content\/uploads\/2021\/03\/Copie-de-Paddang-4F-1-1024x768.jpg\" alt=\"\" class=\"wp-image-520\" width=\"438\" height=\"329\" srcset=\"https:\/\/popup.artecom.studio\/wp-content\/uploads\/2021\/03\/Copie-de-Paddang-4F-1-1024x768.jpg 1024w, https:\/\/popup.artecom.studio\/wp-content\/uploads\/2021\/03\/Copie-de-Paddang-4F-1-300x225.jpg 300w, https:\/\/popup.artecom.studio\/wp-content\/uploads\/2021\/03\/Copie-de-Paddang-4F-1-768x576.jpg 768w, https:\/\/popup.artecom.studio\/wp-content\/uploads\/2021\/03\/Copie-de-Paddang-4F-1.jpg 1411w\" sizes=\"auto, (max-width: 438px) 100vw, 438px\" \/><\/figure><\/div>\n\n\n\n<p>Paddang tire son nom d\u2019un voyage en&nbsp;Indon\u00e9sie. Anim\u00e9&nbsp;par le mysticisme local, le trio fa\u00e7onne son univers<br>\u00e0 l\u2019image des l\u00e9gendes ancestrales: primitif, hypnotique, puissant. Sur des rythmes lourds, incisifs, parfois m\u00eame autoritaires,<br>Paddang forge ses riffs br\u00fblants dans les d\u00e9serts arides et emprunte \u00e0 la jungle Balinaise ses m\u00e9lodies envoutantes. Brutalit\u00e9 primaire habill\u00e9e de subtiles touches de pop, le trio \u00e9labore une musique revigorante, r\u00e9solument ancr\u00e9e dans notre \u00e9poque. Fort de ses influences, au gr\u00e9 d\u2019exp\u00e9rimentations sonores, le groupe se joue des songes et des id\u00e9aux pour aborder l\u2019amour, l\u2019addiction et les dommages de l\u2019homme sur son monde, sobrement et sinc\u00e8rement.<br>Pr\u00f4nant la d\u00e9construction rythmique, recherchant l\u2019inattendu, les trois Toulousains d\u00e9livrent un rock enrag\u00e9, riche et surprenant qui saura vous prendre aux tripes. Apr\u00e8s la sortie d&#8217;un premier EP &#8220;Harapan&#8221;, la r\u00e9alisation de deux clips et<br>une ann\u00e9e riche en exp\u00e9riences sur les sc\u00e8nes de leur r\u00e9gion et de quelques festivals, <br>Paddang est d\u00e9termin\u00e9 \u00e0 faire d\u00e9couvrir son univers en France et ailleurs.<\/p>\n\n\n\n<blockquote class=\"wp-block-quote is-layout-flow wp-block-quote-is-layout-flow\"><p><span style=\"color:#de27a1\" class=\"has-inline-color\">Access Crew:<\/span><\/p><\/blockquote>\n\n\n\n<div class=\"wp-block-image\"><figure class=\"aligncenter size-large is-resized\"><img loading=\"lazy\" decoding=\"async\" src=\"https:\/\/popup.artecom.studio\/wp-content\/uploads\/2021\/03\/AccessCrew-1024x681.jpg\" alt=\"\" class=\"wp-image-521\" width=\"451\" height=\"300\" srcset=\"https:\/\/popup.artecom.studio\/wp-content\/uploads\/2021\/03\/AccessCrew-1024x681.jpg 1024w, https:\/\/popup.artecom.studio\/wp-content\/uploads\/2021\/03\/AccessCrew-300x200.jpg 300w, https:\/\/popup.artecom.studio\/wp-content\/uploads\/2021\/03\/AccessCrew-768x511.jpg 768w, https:\/\/popup.artecom.studio\/wp-content\/uploads\/2021\/03\/AccessCrew-1536x1022.jpg 1536w, https:\/\/popup.artecom.studio\/wp-content\/uploads\/2021\/03\/AccessCrew-2048x1362.jpg 2048w, https:\/\/popup.artecom.studio\/wp-content\/uploads\/2021\/03\/AccessCrew-963x642.jpg 963w\" sizes=\"auto, (max-width: 451px) 100vw, 451px\" \/><\/figure><\/div>\n\n\n\n<p>Access Crew veut faire de la musique accessible pour tous en gardant une p\u00e2te funky-groovy-baby. Leurs compositions s&#8217;inspirent de plein de styles diff\u00e9rents, allant du rock progressif \u00e0 la disco-house en passant par la pop et la musique \u00e9lectro-acoustique exp\u00e9rimentale japonaise (le dernier c&#8217;est faux). Apr\u00e8s une gestation de 1 an et 2 singles d\u00e9j\u00e0 sortis (Try Again et Get Faded), leur EP &#8220;grouv.gouv&#8221; est sorti le mercredi 3 f\u00e9vrier sur toutes les plate-formes. Un moyen efficace pour bouger des fesses, m\u00eame clo\u00eetr\u00e9 dans son 20m\u00b2.<\/p>\n","protected":false},"excerpt":{"rendered":"<p>En manque de concerts? Pas de probl\u00e8me ! Nous avons la solution : le vendredi 16 avril, nous vous donnons rendez-vous pour une journ\u00e9e enti\u00e8rement consacr\u00e9e \u00e0 la musique. Des<span class=\"more-button\"><a href=\"https:\/\/popup.artecom.studio\/index.php\/musique\/\" class=\"more-link\">Lire la suite<span class=\"screen-reader-text\">Musique<\/span><\/a><\/span><\/p>\n","protected":false},"author":1,"featured_media":386,"parent":0,"menu_order":0,"comment_status":"closed","ping_status":"closed","template":"","meta":{"footnotes":""},"class_list":["post-231","page","type-page","status-publish","has-post-thumbnail","hentry"],"_links":{"self":[{"href":"https:\/\/popup.artecom.studio\/index.php\/wp-json\/wp\/v2\/pages\/231","targetHints":{"allow":["GET"]}}],"collection":[{"href":"https:\/\/popup.artecom.studio\/index.php\/wp-json\/wp\/v2\/pages"}],"about":[{"href":"https:\/\/popup.artecom.studio\/index.php\/wp-json\/wp\/v2\/types\/page"}],"author":[{"embeddable":true,"href":"https:\/\/popup.artecom.studio\/index.php\/wp-json\/wp\/v2\/users\/1"}],"replies":[{"embeddable":true,"href":"https:\/\/popup.artecom.studio\/index.php\/wp-json\/wp\/v2\/comments?post=231"}],"version-history":[{"count":6,"href":"https:\/\/popup.artecom.studio\/index.php\/wp-json\/wp\/v2\/pages\/231\/revisions"}],"predecessor-version":[{"id":523,"href":"https:\/\/popup.artecom.studio\/index.php\/wp-json\/wp\/v2\/pages\/231\/revisions\/523"}],"wp:featuredmedia":[{"embeddable":true,"href":"https:\/\/popup.artecom.studio\/index.php\/wp-json\/wp\/v2\/media\/386"}],"wp:attachment":[{"href":"https:\/\/popup.artecom.studio\/index.php\/wp-json\/wp\/v2\/media?parent=231"}],"curies":[{"name":"wp","href":"https:\/\/api.w.org\/{rel}","templated":true}]}}